{"id":9857,"date":"2022-06-20T17:00:23","date_gmt":"2022-06-20T17:00:23","guid":{"rendered":"https:\/\/zollhaus-pankow.de\/?page_id=9857"},"modified":"2022-06-23T12:09:58","modified_gmt":"2022-06-23T12:09:58","slug":"capricciosa-2","status":"publish","type":"page","link":"https:\/\/zollhaus-pankow.de\/index.php\/capricciosa-2\/","title":{"rendered":"Capricciosa"},"content":{"rendered":"<div class=\"wpb-content-wrapper\"><p>[vc_row][vc_column][vc_column_text]<\/p>\n<p class=\"p1\"><span class=\"s1\">[\/vc_column_text][\/vc_column][\/vc_row][vc_row content_aligment=&#8220;center&#8220; css=&#8220;.vc_custom_1475572466484{padding-top: 95px !important;padding-bottom: 55px !important;}&#8220;][vc_column offset=&#8220;vc_col-lg-offset-2 vc_col-lg-8 vc_col-md-offset-1 vc_col-md-10&#8243; css=&#8220;.vc_custom_1475498086536{padding-right: 6% !important;padding-left: 6% !important;}&#8220;]<div class=\"eltd-section-title-outer-holder\" style=\"text-align: center\">\n\n\t\t\t<div class=\"eltd-section-subtitle-holder\">\n\t\t\t<h5 class=\"eltd-section-subtitle\" style=\";;color: #333333;;;;\">\n\t\t\t\tPROBIER&#039;S\t\t\t<\/h5>\n\t\t<\/div>\n\t\n\t\t\t<div class=\"eltd-section-title-title-holder\">\n\t\t\t\t<h2 class=\"eltd-section-title\" style=\";font-size: 60px;;font-weight: 600;line-height: 79px;text-transform: None;letter-spacing: 0.5px;\">\n\t\t\t\tCAPRICCIOSA \t\t\t\t<\/h2>\n\t\t<\/div>\n\t\n<\/div>[\/vc_column][\/vc_row][vc_row content_width=&#8220;grid&#8220; css=&#8220;.vc_custom_1475572477404{padding-bottom: 70px !important;}&#8220;][vc_column width=&#8220;1\/6&#8243;][\/vc_column][vc_column width=&#8220;2\/3&#8243; offset=&#8220;vc_col-lg-offset-0 vc_col-lg-7 vc_col-md-offset-0 vc_col-md-12&#8243;]<div class=\"eltd-tabs eltd-horizontal-tab  eltd-transparent-tabs clearfix\">\n\t<ul class=\"eltd-tabs-nav\">\n\t\t\t\t\t<li>\n\t\t\t\t<a href=\"#tab-zutaten\">\n\t\t\t\t\tZutaten\t\t\t\t<\/a>\n\t\t\t <\/li>\n\t\t\t\t\t<li>\n\t\t\t\t<a href=\"#tab-extras\">\n\t\t\t\t\tExtras\t\t\t\t<\/a>\n\t\t\t <\/li>\n\t\t\t\t\t<li>\n\t\t\t\t<a href=\"#tab-unser-teig\">\n\t\t\t\t\tUnser Teig\t\t\t\t<\/a>\n\t\t\t <\/li>\n\t\t\t\t\t\t\t<li class=\"eltd-tab-line\"><\/li>\n\t\t\t<\/ul> \n\t<div class=\"eltd-tab-container\" id=\"tab-zutaten-488\">\n\t[vc_column_text]\u00a0<\/span><\/p>\n<p class=\"p1\"><span class=\"s1\"><b>Capricciosa <\/b>&#8211; Fior di Latte DOP, ger\u00f6stete Artischocken, Oliven, Pilze, Cotto Rustico, ger\u00e4ucherter italienischer Ricotta und Basilikum\u00f6l<\/span><\/p>\n<p>[\/vc_column_text]<\/div><div class=\"eltd-tab-container\" id=\"tab-extras-358\">\n\t[vc_column_text]<\/p>\n<p class=\"p1\"><span class=\"s1\"><strong>Fior di latte<\/strong>:<\/span><span class=\"s2\"> Die \u201eBl\u00fcte der Milch\u201c ist gewisserma\u00dfen die kleine Schwester der klassischen Mozzarella. Fior di latte wird ausschlie\u00dflich aus Kuhmilch hergestellt, deshalb ist sie zarter im Geschmack und hat einen geringeren Fettgehalt. Ohne Tomatensauce spricht man von einer weissen Pizza oder Pizza Bianca.<\/span><\/p>\n<p class=\"p1\"><span class=\"s1\"><strong>DOP<\/strong>:<\/span> <span class=\"s3\">\u201eDenominazione di origine protetta\u201c damit werden in der EU Lebensmittel versehen, deren Herstellung nach einem bestimmten Verfahren erfolgt, das auf eine geografische Region beschr\u00e4nkt ist. Bekannte italienische Spezialit\u00e4ten mit dem DOP-Siegel sind z.B. Parmigiano Reggiano, Parmaschinken, B\u00fcffelmozzarella und San-Marzano-Tomaten.<\/span><\/p>\n<p>[\/vc_column_text]<\/div><div class=\"eltd-tab-container\" id=\"tab-unser-teig-842\">\n\t[vc_column_text]<\/p>\n<p class=\"p1\"><span class=\"s1\">Wir machen aus einem Sauerteig, der 24 Stunden fermentiert, k\u00f6stliche Pizza. In Italien wird es \u201eLievito Madre\u201c genannt, die \u201eMutter aller Hefen\u201c. Kein Wunder, dass Sauerteig viel bek\u00f6mmlicher als herk\u00f6mmlicher Hefeteig ist. M\u00fctter wissen was gut ist. Typisch f\u00fcr diesen Sauerteig sind ein hoch gebackener Rand und kleine, runde Verbrennungen darauf. Im Teig eingeschlossene Sauerstoffmengen, die beim Backen hervortreten, sind daf\u00fcr die Ursache.<\/span><\/p>\n<p class=\"p1\"><span class=\"s1\">[\/vc_column_text]<\/div><\/div>[vc_empty_space height=&#8220;30&#8243;][vc_btn title=&#8220;ORDER NOW&#8220; shape=&#8220;square&#8220; link=&#8220;url:https%3A%2F%2Fwww.gastronavi.de%2Frestaurants%2F53540%2Freservierung%2Fwidget%3Fentry%3Dpickup%231|target:_blank&#8220;][vc_empty_space height=&#8220;120&#8243;][\/vc_column][vc_column width=&#8220;1\/6&#8243;][\/vc_column][\/vc_row][vc_row][vc_column][vc_column_text]<\/span><\/p>\n<p>[\/vc_column_text][\/vc_column][\/vc_row]<\/p>\n<\/div>","protected":false},"excerpt":{"rendered":"<p>[vc_row][vc_column][vc_column_text] [\/vc_column_text][\/vc_column][\/vc_row][vc_row content_aligment=&#8220;center&#8220; css=&#8220;.vc_custom_1475572466484{padding-top: 95px !important;padding-bottom: 55px !important;}&#8220;][vc_column offset=&#8220;vc_col-lg-offset-2 vc_col-lg-8 vc_col-md-offset-1 vc_col-md-10&#8243; css=&#8220;.vc_custom_1475498086536{padding-right: 6% !important;padding-left: 6% !important;}&#8220;][\/vc_column][\/vc_row][vc_row content_width=&#8220;grid&#8220; css=&#8220;.vc_custom_1475572477404{padding-bottom: 70px !important;}&#8220;][vc_column width=&#8220;1\/6&#8243;][\/vc_column][vc_column width=&#8220;2\/3&#8243; offset=&#8220;vc_col-lg-offset-0 vc_col-lg-7 vc_col-md-offset-0 vc_col-md-12&#8243;][vc_empty_space height=&#8220;30&#8243;][vc_btn title=&#8220;ORDER NOW&#8220; shape=&#8220;square&#8220; link=&#8220;url:https%3A%2F%2Fwww.gastronavi.de%2Frestaurants%2F53540%2Freservierung%2Fwidget%3Fentry%3Dpickup%231|target:_blank&#8220;][vc_empty_space height=&#8220;120&#8243;][\/vc_column][vc_column width=&#8220;1\/6&#8243;][\/vc_column][\/vc_row][vc_row][vc_column][vc_column_text] [\/vc_column_text][\/vc_column][\/vc_row]<\/p>\n","protected":false},"author":2,"featured_media":0,"parent":0,"menu_order":0,"comment_status":"closed","ping_status":"closed","template":"","meta":{"footnotes":""},"class_list":["post-9857","page","type-page","status-publish","hentry"],"yoast_head":"<!-- This site is optimized with the Yoast SEO plugin v27.2 - https:\/\/yoast.com\/product\/yoast-seo-wordpress\/ -->\n<title>Capricciosa - Zollhaus Pankow<\/title>\n<meta name=\"robots\" content=\"index, follow, max-snippet:-1, max-image-preview:large, max-video-preview:-1\" \/>\n<link rel=\"canonical\" href=\"https:\/\/zollhaus-pankow.de\/index.php\/capricciosa-2\/\" \/>\n<meta property=\"og:locale\" content=\"de_DE\" \/>\n<meta property=\"og:type\" content=\"article\" \/>\n<meta property=\"og:title\" content=\"Capricciosa - Zollhaus Pankow\" \/>\n<meta property=\"og:description\" content=\"[vc_row][vc_column][vc_column_text] [\/vc_column_text][\/vc_column][\/vc_row][vc_row content_aligment=&#8220;center&#8220; css=&#8220;.vc_custom_1475572466484{padding-top: 95px !important;padding-bottom: 55px !important;}&#8220;][vc_column offset=&#8220;vc_col-lg-offset-2 vc_col-lg-8 vc_col-md-offset-1 vc_col-md-10&#8243; css=&#8220;.vc_custom_1475498086536{padding-right: 6% !important;padding-left: 6% !important;}&#8220;][\/vc_column][\/vc_row][vc_row content_width=&#8220;grid&#8220; css=&#8220;.vc_custom_1475572477404{padding-bottom: 70px !important;}&#8220;][vc_column width=&#8220;1\/6&#8243;][\/vc_column][vc_column width=&#8220;2\/3&#8243; offset=&#8220;vc_col-lg-offset-0 vc_col-lg-7 vc_col-md-offset-0 vc_col-md-12&#8243;][vc_empty_space height=&#8220;30&#8243;][vc_btn title=&#8220;ORDER NOW&#8220; shape=&#8220;square&#8220; link=&#8220;url:https%3A%2F%2Fwww.gastronavi.de%2Frestaurants%2F53540%2Freservierung%2Fwidget%3Fentry%3Dpickup%231|target:_blank&#8220;][vc_empty_space height=&#8220;120&#8243;][\/vc_column][vc_column width=&#8220;1\/6&#8243;][\/vc_column][\/vc_row][vc_row][vc_column][vc_column_text] [\/vc_column_text][\/vc_column][\/vc_row]\" \/>\n<meta property=\"og:url\" content=\"https:\/\/zollhaus-pankow.de\/index.php\/capricciosa-2\/\" \/>\n<meta property=\"og:site_name\" content=\"Zollhaus Pankow\" \/>\n<meta property=\"article:modified_time\" content=\"2022-06-23T12:09:58+00:00\" \/>\n<meta property=\"og:image\" content=\"https:\/\/zollhaus-pankow.de\/wp-content\/uploads\/2021\/02\/fb_meta.jpg\" \/>\n\t<meta property=\"og:image:width\" content=\"1200\" \/>\n\t<meta property=\"og:image:height\" content=\"630\" \/>\n\t<meta property=\"og:image:type\" content=\"image\/jpeg\" \/>\n<meta name=\"twitter:card\" content=\"summary_large_image\" \/>\n<meta name=\"twitter:label1\" content=\"Gesch\u00e4tzte Lesezeit\" \/>\n\t<meta name=\"twitter:data1\" content=\"2\u00a0Minuten\" \/>\n<script type=\"application\/ld+json\" class=\"yoast-schema-graph\">{\"@context\":\"https:\/\/schema.org\",\"@graph\":[{\"@type\":\"WebPage\",\"@id\":\"https:\/\/zollhaus-pankow.de\/index.php\/capricciosa-2\/\",\"url\":\"https:\/\/zollhaus-pankow.de\/index.php\/capricciosa-2\/\",\"name\":\"Capricciosa - Zollhaus Pankow\",\"isPartOf\":{\"@id\":\"https:\/\/zollhaus-pankow.de\/#website\"},\"datePublished\":\"2022-06-20T17:00:23+00:00\",\"dateModified\":\"2022-06-23T12:09:58+00:00\",\"breadcrumb\":{\"@id\":\"https:\/\/zollhaus-pankow.de\/index.php\/capricciosa-2\/#breadcrumb\"},\"inLanguage\":\"de\",\"potentialAction\":[{\"@type\":\"ReadAction\",\"target\":[\"https:\/\/zollhaus-pankow.de\/index.php\/capricciosa-2\/\"]}]},{\"@type\":\"BreadcrumbList\",\"@id\":\"https:\/\/zollhaus-pankow.de\/index.php\/capricciosa-2\/#breadcrumb\",\"itemListElement\":[{\"@type\":\"ListItem\",\"position\":1,\"name\":\"Home\",\"item\":\"https:\/\/zollhaus-pankow.de\/\"},{\"@type\":\"ListItem\",\"position\":2,\"name\":\"Capricciosa\"}]},{\"@type\":\"WebSite\",\"@id\":\"https:\/\/zollhaus-pankow.de\/#website\",\"url\":\"https:\/\/zollhaus-pankow.de\/\",\"name\":\"Zollhaus Pankow\",\"description\":\"\",\"potentialAction\":[{\"@type\":\"SearchAction\",\"target\":{\"@type\":\"EntryPoint\",\"urlTemplate\":\"https:\/\/zollhaus-pankow.de\/?s={search_term_string}\"},\"query-input\":{\"@type\":\"PropertyValueSpecification\",\"valueRequired\":true,\"valueName\":\"search_term_string\"}}],\"inLanguage\":\"de\"}]}<\/script>\n<!-- \/ Yoast SEO plugin. -->","yoast_head_json":{"title":"Capricciosa - Zollhaus Pankow","robots":{"index":"index","follow":"follow","max-snippet":"max-snippet:-1","max-image-preview":"max-image-preview:large","max-video-preview":"max-video-preview:-1"},"canonical":"https:\/\/zollhaus-pankow.de\/index.php\/capricciosa-2\/","og_locale":"de_DE","og_type":"article","og_title":"Capricciosa - Zollhaus Pankow","og_description":"[vc_row][vc_column][vc_column_text] [\/vc_column_text][\/vc_column][\/vc_row][vc_row content_aligment=&#8220;center&#8220; css=&#8220;.vc_custom_1475572466484{padding-top: 95px !important;padding-bottom: 55px !important;}&#8220;][vc_column offset=&#8220;vc_col-lg-offset-2 vc_col-lg-8 vc_col-md-offset-1 vc_col-md-10&#8243; css=&#8220;.vc_custom_1475498086536{padding-right: 6% !important;padding-left: 6% !important;}&#8220;][\/vc_column][\/vc_row][vc_row content_width=&#8220;grid&#8220; css=&#8220;.vc_custom_1475572477404{padding-bottom: 70px !important;}&#8220;][vc_column width=&#8220;1\/6&#8243;][\/vc_column][vc_column width=&#8220;2\/3&#8243; offset=&#8220;vc_col-lg-offset-0 vc_col-lg-7 vc_col-md-offset-0 vc_col-md-12&#8243;][vc_empty_space height=&#8220;30&#8243;][vc_btn title=&#8220;ORDER NOW&#8220; shape=&#8220;square&#8220; link=&#8220;url:https%3A%2F%2Fwww.gastronavi.de%2Frestaurants%2F53540%2Freservierung%2Fwidget%3Fentry%3Dpickup%231|target:_blank&#8220;][vc_empty_space height=&#8220;120&#8243;][\/vc_column][vc_column width=&#8220;1\/6&#8243;][\/vc_column][\/vc_row][vc_row][vc_column][vc_column_text] [\/vc_column_text][\/vc_column][\/vc_row]","og_url":"https:\/\/zollhaus-pankow.de\/index.php\/capricciosa-2\/","og_site_name":"Zollhaus Pankow","article_modified_time":"2022-06-23T12:09:58+00:00","og_image":[{"width":1200,"height":630,"url":"https:\/\/zollhaus-pankow.de\/wp-content\/uploads\/2021\/02\/fb_meta.jpg","type":"image\/jpeg"}],"twitter_card":"summary_large_image","twitter_misc":{"Gesch\u00e4tzte Lesezeit":"2\u00a0Minuten"},"schema":{"@context":"https:\/\/schema.org","@graph":[{"@type":"WebPage","@id":"https:\/\/zollhaus-pankow.de\/index.php\/capricciosa-2\/","url":"https:\/\/zollhaus-pankow.de\/index.php\/capricciosa-2\/","name":"Capricciosa - Zollhaus Pankow","isPartOf":{"@id":"https:\/\/zollhaus-pankow.de\/#website"},"datePublished":"2022-06-20T17:00:23+00:00","dateModified":"2022-06-23T12:09:58+00:00","breadcrumb":{"@id":"https:\/\/zollhaus-pankow.de\/index.php\/capricciosa-2\/#breadcrumb"},"inLanguage":"de","potentialAction":[{"@type":"ReadAction","target":["https:\/\/zollhaus-pankow.de\/index.php\/capricciosa-2\/"]}]},{"@type":"BreadcrumbList","@id":"https:\/\/zollhaus-pankow.de\/index.php\/capricciosa-2\/#breadcrumb","itemListElement":[{"@type":"ListItem","position":1,"name":"Home","item":"https:\/\/zollhaus-pankow.de\/"},{"@type":"ListItem","position":2,"name":"Capricciosa"}]},{"@type":"WebSite","@id":"https:\/\/zollhaus-pankow.de\/#website","url":"https:\/\/zollhaus-pankow.de\/","name":"Zollhaus Pankow","description":"","potentialAction":[{"@type":"SearchAction","target":{"@type":"EntryPoint","urlTemplate":"https:\/\/zollhaus-pankow.de\/?s={search_term_string}"},"query-input":{"@type":"PropertyValueSpecification","valueRequired":true,"valueName":"search_term_string"}}],"inLanguage":"de"}]}},"_links":{"self":[{"href":"https:\/\/zollhaus-pankow.de\/index.php\/wp-json\/wp\/v2\/pages\/9857","targetHints":{"allow":["GET"]}}],"collection":[{"href":"https:\/\/zollhaus-pankow.de\/index.php\/wp-json\/wp\/v2\/pages"}],"about":[{"href":"https:\/\/zollhaus-pankow.de\/index.php\/wp-json\/wp\/v2\/types\/page"}],"author":[{"embeddable":true,"href":"https:\/\/zollhaus-pankow.de\/index.php\/wp-json\/wp\/v2\/users\/2"}],"replies":[{"embeddable":true,"href":"https:\/\/zollhaus-pankow.de\/index.php\/wp-json\/wp\/v2\/comments?post=9857"}],"version-history":[{"count":2,"href":"https:\/\/zollhaus-pankow.de\/index.php\/wp-json\/wp\/v2\/pages\/9857\/revisions"}],"predecessor-version":[{"id":9890,"href":"https:\/\/zollhaus-pankow.de\/index.php\/wp-json\/wp\/v2\/pages\/9857\/revisions\/9890"}],"wp:attachment":[{"href":"https:\/\/zollhaus-pankow.de\/index.php\/wp-json\/wp\/v2\/media?parent=9857"}],"curies":[{"name":"wp","href":"https:\/\/api.w.org\/{rel}","templated":true}]}}